{"id":1008,"date":"2023-07-09T19:59:53","date_gmt":"2023-07-09T19:59:53","guid":{"rendered":"https:\/\/www.parafiaolszyny.pl\/?page_id=1008"},"modified":"2023-07-24T19:39:35","modified_gmt":"2023-07-24T19:39:35","slug":"perly-krajobrazu","status":"publish","type":"page","link":"https:\/\/www.parafiaolszyny.pl\/?page_id=1008","title":{"rendered":"Per\u0142y krajobrazu"},"content":{"rendered":"\n<p>Kapliczki na wsi s\u0105 czym\u015b naturalnym. S\u0105, gdy\u017c by\u0142y &#8211; tak jak drzewa, ziemia, chaty. Stawiano je z wdzi\u0119czno\u015bci&#8230; w podzi\u0119ce&#8230; z pro\u015bb\u0105&#8230; Stoj\u0105 na skrzy\u017cowaniach dr\u00f3g, ko\u0142o \u017ar\u00f3de\u0142, na mogi\u0142ach ludzi pochowanych w polu.<\/p>\n\n\n\n<p>1. Olszyny &#8211; Przylaski. Zbudowana ok. 1830 r. z fundacji Tadeusza Zaj\u0105ca. Z kamienia, otynkowana, kryta eternitem. Dach dwuspadowy. Wewn\u0105trz rze\u017aba Chrystusa Zmartwychwsta\u0142ego i wsp\u00f3\u0142czesna rze\u017aba gipsowa.<\/p>\n\n\n\n<p>2. Olszyny &#8211; Serwoniec. Zbudowana W po\u0142owie XIX w. z fundacji rodziny Witk\u00f3w. Z kamienia, otynkowana, kryta blach\u0105. Dach dwuspadowy. Rze\u017aby i oleodruki, lichtarze drewniane.<\/p>\n\n\n\n<p>3. Olszyny &#8211; Nadole P\u0142n. Wzniesiona po 1846 r. z fundacji rodziny Rogawskich jako wotum ocalenia z rabacji. Usytuowana na pag\u00f3rku. Z ceg\u0142y, otynkowana, dach dwuspadowy. Wewn\u0105trz polichromia z postaciami \u015b\u015b. Rozalii i Sebastiana. Rze\u017aby z po\u0142owy XIX w.<\/p>\n\n\n\n<p>4. Olszyny &#8211; Nadole P\u0142n. Zbudowana ok. 1860 r. z fundacji Tomasza Gurbisza, kowala. Drewniana, konstrukcji zr\u0119bowej, oszalowana, kryta blach\u0105. Wyposa\u017cenie z XIX w.<\/p>\n\n\n\n<p>Ponadto w Olszynach znajduj\u0105 si\u0119:<\/p>\n\n\n\n<p>1. Kapliczki murowane w kszta\u0142cie s\u0142upa. Najciekawsza wzniesiona w 1858 r. z fundacji Wojciecha Karasia. We wn\u0119ce kamienna, ludowa rze\u017aba \u015aw. Jana Nepomucena.<\/p>\n\n\n\n<p>2. Kapliczki drewniane w kszta\u0142cie s\u0142up\u00f3w (dwie).<\/p>\n\n\n\n<p>3. Kapliczki szafkowe na s\u0142upach i drzewach (siedem).<\/p>\n\n\n\n<p>4. Figury (osiemna\u015bcie). M. innymi:<\/p>\n\n\n\n<p>&nbsp;Nag\u00f3rze P\u0142n. przy drodze g\u0142\u00f3wnej naprzeciw szko\u0142y \ufb01gura Chrystusa Nazare\u0144skiego z 1846 r.<\/p>\n\n\n\n<p>&nbsp;Nag\u00f3rze P\u0142n. wzniesiona pod koniec XIX w. z fundacji Franciszka Za\u0142\u0119sk\u00edego. Pos\u0105g NMP na postumencie z p\u0142askorze\u017abami: Stygmatyzacja \u015bw. Franciszka, Dobry Pasterz i \u015bw. Joanna.<\/p>\n\n\n\n<p>Nadole P\u0142n. Wzniesiona w 1886 r. z fundacji J\u00f3zefa i Agaty Bajork\u00f3w. Pos\u0105g Matki Boskiej z Dzieci\u0105tkiem na globie ziemskim na czworobocznym postumencie z p\u0142askorze\u017ab\u0105 \u015bw. J\u00f3zefa z Dzieci\u0105tkiem.<\/p>\n\n\n\n<p>Nadole P\u0142d. Wzniesiona w 1896 r. z fundacji Walentego i Salomei Starzykowskich. Pos\u0105g Matki Boskiej z Dzieci\u0105tkiem.<\/p>\n\n\n\n<p>5. Krzy\u017ce &#8211; \ufb01gury (jedena\u015bcie). Najstarszy pochodzi z 1903 r. na Nadolu P\u0142n., kamienny z metalowym wizerunkiem Chrystusa. Nag\u00f3rze P\u0142d. wzniesiona w 1908 r. z fundacji Tomasza R\u0105pa\u0142y emigranta z Ameryki.<\/p>\n\n\n\n<p>6. Krzy\u017ce drewniane, betonowe i metalowe (dziewi\u0119tna\u015bcie).<\/p>\n\n\n\n<p class=\"has-text-align-right\"><strong>Czes\u0142aw Dutka<\/strong><\/p>\n","protected":false},"excerpt":{"rendered":"<p>Kapliczki na wsi s\u0105 czym\u015b naturalnym. S\u0105, gdy\u017c by\u0142y &#8211; tak jak drzewa, ziemia, chaty. Stawiano je [&hellip;]<\/p>\n","protected":false},"author":1,"featured_media":0,"parent":0,"menu_order":0,"comment_status":"closed","ping_status":"closed","template":"","meta":{"ngg_post_thumbnail":0},"_links":{"self":[{"href":"https:\/\/www.parafiaolszyny.pl\/index.php?rest_route=\/wp\/v2\/pages\/1008"}],"collection":[{"href":"https:\/\/www.parafiaolszyny.pl\/index.php?rest_route=\/wp\/v2\/pages"}],"about":[{"href":"https:\/\/www.parafiaolszyny.pl\/index.php?rest_route=\/wp\/v2\/types\/page"}],"author":[{"embeddable":true,"href":"https:\/\/www.parafiaolszyny.pl\/index.php?rest_route=\/wp\/v2\/users\/1"}],"replies":[{"embeddable":true,"href":"https:\/\/www.parafiaolszyny.pl\/index.php?rest_route=%2Fwp%2Fv2%2Fcomments&post=1008"}],"version-history":[{"count":1,"href":"https:\/\/www.parafiaolszyny.pl\/index.php?rest_route=\/wp\/v2\/pages\/1008\/revisions"}],"predecessor-version":[{"id":1009,"href":"https:\/\/www.parafiaolszyny.pl\/index.php?rest_route=\/wp\/v2\/pages\/1008\/revisions\/1009"}],"wp:attachment":[{"href":"https:\/\/www.parafiaolszyny.pl\/index.php?rest_route=%2Fwp%2Fv2%2Fmedia&parent=1008"}],"curies":[{"name":"wp","href":"https:\/\/api.w.org\/{rel}","templated":true}]}}