{"id":1011,"date":"2023-07-09T20:11:17","date_gmt":"2023-07-09T20:11:17","guid":{"rendered":"https:\/\/www.parafiaolszyny.pl\/?page_id=1011"},"modified":"2023-07-24T19:39:47","modified_gmt":"2023-07-24T19:39:47","slug":"pomnik-grunwaldzki","status":"publish","type":"page","link":"https:\/\/www.parafiaolszyny.pl\/?page_id=1011","title":{"rendered":"Pomnik Grunwaldzki"},"content":{"rendered":"<div class=\"wp-block-image\">\n<figure class=\"aligncenter size-full\"><img decoding=\"async\" loading=\"lazy\" width=\"667\" height=\"1000\" src=\"https:\/\/www.parafiaolszyny.pl\/wp-content\/uploads\/2023\/07\/grun2.jpg\" alt=\"\" class=\"wp-image-1018\" srcset=\"https:\/\/www.parafiaolszyny.pl\/wp-content\/uploads\/2023\/07\/grun2.jpg 667w, https:\/\/www.parafiaolszyny.pl\/wp-content\/uploads\/2023\/07\/grun2-200x300.jpg 200w\" sizes=\"(max-width: 667px) 100vw, 667px\" \/><\/figure><\/div>\n\n\n<p>W centrum wsi (Nadole P\u0142n.) przy drodze g\u0142\u00f3wnej znajduje si\u0119 pomnik z 1910 r. Kamienny, w kszta\u0142cie obelisku na wielostopniowym postumencie. Na obelisku metalowy wizerunek Chrystusa. Obelisk upami\u0119tnia 500 rocznic\u0119 bitwy pod Grunwaldem. Przy tym pomniku W okresie mi\u0119dzywojennym odbywa\u0142y si\u0119 manifestacje mieszka\u0144c\u00f3w Olszyn z okazji wydarze\u0144 i rocznic pa\u0144stwowych. Pomnikiem opiekowa\u0142 si\u0119 Jan Kara\u015b.<\/p>\n\n\n\n<p class=\"has-text-align-right\"><strong>Czes\u0142aw Dutka<\/strong><\/p>\n\n\n\n<figure class=\"wp-block-image size-full\"><img decoding=\"async\" loading=\"lazy\" width=\"1000\" height=\"667\" src=\"https:\/\/www.parafiaolszyny.pl\/wp-content\/uploads\/2023\/07\/grun1.jpg\" alt=\"\" class=\"wp-image-1017\" srcset=\"https:\/\/www.parafiaolszyny.pl\/wp-content\/uploads\/2023\/07\/grun1.jpg 1000w, https:\/\/www.parafiaolszyny.pl\/wp-content\/uploads\/2023\/07\/grun1-300x200.jpg 300w, https:\/\/www.parafiaolszyny.pl\/wp-content\/uploads\/2023\/07\/grun1-768x512.jpg 768w, https:\/\/www.parafiaolszyny.pl\/wp-content\/uploads\/2023\/07\/grun1-589x392.jpg 589w\" sizes=\"(max-width: 1000px) 100vw, 1000px\" \/><\/figure>\n","protected":false},"excerpt":{"rendered":"<p>W centrum wsi (Nadole P\u0142n.) przy drodze g\u0142\u00f3wnej znajduje si\u0119 pomnik z 1910 r. Kamienny, w kszta\u0142cie [&hellip;]<\/p>\n","protected":false},"author":1,"featured_media":0,"parent":0,"menu_order":0,"comment_status":"closed","ping_status":"closed","template":"","meta":{"ngg_post_thumbnail":0},"_links":{"self":[{"href":"https:\/\/www.parafiaolszyny.pl\/index.php?rest_route=\/wp\/v2\/pages\/1011"}],"collection":[{"href":"https:\/\/www.parafiaolszyny.pl\/index.php?rest_route=\/wp\/v2\/pages"}],"about":[{"href":"https:\/\/www.parafiaolszyny.pl\/index.php?rest_route=\/wp\/v2\/types\/page"}],"author":[{"embeddable":true,"href":"https:\/\/www.parafiaolszyny.pl\/index.php?rest_route=\/wp\/v2\/users\/1"}],"replies":[{"embeddable":true,"href":"https:\/\/www.parafiaolszyny.pl\/index.php?rest_route=%2Fwp%2Fv2%2Fcomments&post=1011"}],"version-history":[{"count":2,"href":"https:\/\/www.parafiaolszyny.pl\/index.php?rest_route=\/wp\/v2\/pages\/1011\/revisions"}],"predecessor-version":[{"id":1019,"href":"https:\/\/www.parafiaolszyny.pl\/index.php?rest_route=\/wp\/v2\/pages\/1011\/revisions\/1019"}],"wp:attachment":[{"href":"https:\/\/www.parafiaolszyny.pl\/index.php?rest_route=%2Fwp%2Fv2%2Fmedia&parent=1011"}],"curies":[{"name":"wp","href":"https:\/\/api.w.org\/{rel}","templated":true}]}}