{"id":1014,"date":"2023-07-09T20:15:29","date_gmt":"2023-07-09T20:15:29","guid":{"rendered":"https:\/\/www.parafiaolszyny.pl\/?page_id=1014"},"modified":"2023-07-24T19:39:57","modified_gmt":"2023-07-24T19:39:57","slug":"pomnik-polskich-lotnikow","status":"publish","type":"page","link":"https:\/\/www.parafiaolszyny.pl\/?page_id=1014","title":{"rendered":"Pomnik polskich lotnik\u00f3w"},"content":{"rendered":"\n<figure class=\"wp-block-image size-full\"><img decoding=\"async\" loading=\"lazy\" width=\"1000\" height=\"667\" src=\"https:\/\/www.parafiaolszyny.pl\/wp-content\/uploads\/2023\/07\/pomnik1.jpg\" alt=\"\" class=\"wp-image-1020\" srcset=\"https:\/\/www.parafiaolszyny.pl\/wp-content\/uploads\/2023\/07\/pomnik1.jpg 1000w, https:\/\/www.parafiaolszyny.pl\/wp-content\/uploads\/2023\/07\/pomnik1-300x200.jpg 300w, https:\/\/www.parafiaolszyny.pl\/wp-content\/uploads\/2023\/07\/pomnik1-768x512.jpg 768w, https:\/\/www.parafiaolszyny.pl\/wp-content\/uploads\/2023\/07\/pomnik1-589x392.jpg 589w\" sizes=\"(max-width: 1000px) 100vw, 1000px\" \/><\/figure>\n\n\n\n<p>W pobli\u017cu miejsca katastrofy ,,Liberatora\u201d lec\u0105cego z W\u0142och do Warszawy zestrzelonego 17 sierpnia 1944 r. w ogrodzie Edwarda M\u0119\u017cyka wzniesiony zosta\u0142 pomnik, na kt\u00f3rym widniej\u0105 nazwiska poleg\u0142ych lotnik\u00f3w.<\/p>\n\n\n\n<p>Cz\u0119\u015b\u0107 nazwisk wyrytych na tablicy jest zniekszta\u0142cona. W \u201eKsi\u0119dze lotnik\u00f3w polskich\u201d podano ich prawid\u0142ow\u0105 pisowni\u0119: J\u00f3zef Dudziak, Jan Florkowski, Tadeusz Jencka, Brunon Malejka, Bernard Wichrowski.<\/p>\n\n\n\n<figure class=\"wp-block-image size-full\"><img decoding=\"async\" loading=\"lazy\" width=\"1000\" height=\"667\" src=\"https:\/\/www.parafiaolszyny.pl\/wp-content\/uploads\/2023\/07\/pomnik2.jpg\" alt=\"\" class=\"wp-image-1021\" srcset=\"https:\/\/www.parafiaolszyny.pl\/wp-content\/uploads\/2023\/07\/pomnik2.jpg 1000w, https:\/\/www.parafiaolszyny.pl\/wp-content\/uploads\/2023\/07\/pomnik2-300x200.jpg 300w, https:\/\/www.parafiaolszyny.pl\/wp-content\/uploads\/2023\/07\/pomnik2-768x512.jpg 768w, https:\/\/www.parafiaolszyny.pl\/wp-content\/uploads\/2023\/07\/pomnik2-589x392.jpg 589w\" sizes=\"(max-width: 1000px) 100vw, 1000px\" \/><\/figure>\n\n\n\n<p>Podczas tej katastrofy zgin\u0119li tak\u017ce: kapitan-pilot Zygmunt Pluta i Jan Marecki &#8211; plutonowy, mechanik pok\u0142adowy. Nie ma zgody w\u015br\u00f3d historyk\u00f3w czy w Olszynach zgin\u0119\u0142a ca\u0142a siedmioosobowa za\u0142oga, czy tylko pi\u0119ciu lotnik\u00f3w, a dw\u00f3ch w Banicy pod G\u0142adyszowem.<\/p>\n\n\n\n<p class=\"has-text-align-right\"><strong>Czes\u0142aw Dutka<\/strong><\/p>\n","protected":false},"excerpt":{"rendered":"<p>W pobli\u017cu miejsca katastrofy ,,Liberatora\u201d lec\u0105cego z W\u0142och do Warszawy zestrzelonego 17 sierpnia 1944 r. w ogrodzie [&hellip;]<\/p>\n","protected":false},"author":1,"featured_media":0,"parent":0,"menu_order":0,"comment_status":"closed","ping_status":"closed","template":"","meta":{"ngg_post_thumbnail":0},"_links":{"self":[{"href":"https:\/\/www.parafiaolszyny.pl\/index.php?rest_route=\/wp\/v2\/pages\/1014"}],"collection":[{"href":"https:\/\/www.parafiaolszyny.pl\/index.php?rest_route=\/wp\/v2\/pages"}],"about":[{"href":"https:\/\/www.parafiaolszyny.pl\/index.php?rest_route=\/wp\/v2\/types\/page"}],"author":[{"embeddable":true,"href":"https:\/\/www.parafiaolszyny.pl\/index.php?rest_route=\/wp\/v2\/users\/1"}],"replies":[{"embeddable":true,"href":"https:\/\/www.parafiaolszyny.pl\/index.php?rest_route=%2Fwp%2Fv2%2Fcomments&post=1014"}],"version-history":[{"count":2,"href":"https:\/\/www.parafiaolszyny.pl\/index.php?rest_route=\/wp\/v2\/pages\/1014\/revisions"}],"predecessor-version":[{"id":1022,"href":"https:\/\/www.parafiaolszyny.pl\/index.php?rest_route=\/wp\/v2\/pages\/1014\/revisions\/1022"}],"wp:attachment":[{"href":"https:\/\/www.parafiaolszyny.pl\/index.php?rest_route=%2Fwp%2Fv2%2Fmedia&parent=1014"}],"curies":[{"name":"wp","href":"https:\/\/api.w.org\/{rel}","templated":true}]}}