{"id":47,"date":"2023-06-30T12:05:15","date_gmt":"2023-06-30T12:05:15","guid":{"rendered":"https:\/\/www.parafiaolszyny.pl\/?page_id=47"},"modified":"2023-07-24T19:39:01","modified_gmt":"2023-07-24T19:39:01","slug":"historia-kosciola","status":"publish","type":"page","link":"https:\/\/www.parafiaolszyny.pl\/?page_id=47","title":{"rendered":"Historia ko\u015bcio\u0142a"},"content":{"rendered":"\n<figure class=\"wp-block-image size-large\"><img decoding=\"async\" loading=\"lazy\" width=\"1024\" height=\"682\" src=\"https:\/\/www.parafiaolszyny.pl\/wp-content\/uploads\/2023\/06\/olszyny3-1-1024x682.jpg\" alt=\"\" class=\"wp-image-48\" srcset=\"https:\/\/www.parafiaolszyny.pl\/wp-content\/uploads\/2023\/06\/olszyny3-1-1024x682.jpg 1024w, https:\/\/www.parafiaolszyny.pl\/wp-content\/uploads\/2023\/06\/olszyny3-1-300x200.jpg 300w, https:\/\/www.parafiaolszyny.pl\/wp-content\/uploads\/2023\/06\/olszyny3-1-768x512.jpg 768w, https:\/\/www.parafiaolszyny.pl\/wp-content\/uploads\/2023\/06\/olszyny3-1-589x392.jpg 589w, https:\/\/www.parafiaolszyny.pl\/wp-content\/uploads\/2023\/06\/olszyny3-1.jpg 1037w\" sizes=\"(max-width: 1024px) 100vw, 1024px\" \/><\/figure>\n\n\n\n<p><strong>Ko\u015bci\u00f3\u0142 p.w. Podwy\u017cszenia \u015bw. Krzy\u017ca<\/strong><\/p>\n\n\n\n<p>&nbsp;Ko\u015bci\u00f3\u0142 zosta\u0142 zbudowany w 1900 r. wg projektu \u0141ukasza Filipaka z wykorzystaniem materia\u0142u z poprzedniego ko\u015bcio\u0142a pochodz\u0105cego z XVI w. St\u0105d te\u017c w niekt\u00f3rych opracowaniach pojawia si\u0119 datowanie ko\u015bcio\u0142a na XVI w. Prace ciesielskie wykonali miejscowi cie\u015ble J\u00f3zef B\u0105k i Micha\u0142 Mikos. Ko\u015bci\u00f3\u0142 drewniany, konstrukcji zr\u0119bowej, kryty blach\u0105. Trzynawowy, z w\u0119\u017cszym prezbiterium, przy kt\u00f3rym niewielka zakrystia, od strony po\u0142udniowej niewielka kruchta.<\/p>\n\n\n\n<figure class=\"wp-block-image size-large\"><img decoding=\"async\" loading=\"lazy\" width=\"1024\" height=\"673\" src=\"https:\/\/www.parafiaolszyny.pl\/wp-content\/uploads\/2023\/07\/IMG_5677-1-1024x673.jpg\" alt=\"\" class=\"wp-image-959\" srcset=\"https:\/\/www.parafiaolszyny.pl\/wp-content\/uploads\/2023\/07\/IMG_5677-1-1024x673.jpg 1024w, https:\/\/www.parafiaolszyny.pl\/wp-content\/uploads\/2023\/07\/IMG_5677-1-300x197.jpg 300w, https:\/\/www.parafiaolszyny.pl\/wp-content\/uploads\/2023\/07\/IMG_5677-1-768x505.jpg 768w, https:\/\/www.parafiaolszyny.pl\/wp-content\/uploads\/2023\/07\/IMG_5677-1.jpg 1187w\" sizes=\"(max-width: 1024px) 100vw, 1024px\" \/><\/figure>\n\n\n\n<p>W prezbiterium i nawie g\u0142\u00f3wnej sklepienie pozornie kolebkowe, w nawach bocznych stropy p\u0142askie. Nawy boczne wydzielone sze\u015bcioma o\u015bmiobocznymi s\u0142upami. Dach siod\u0142owy o jednej kalenicy, na nim wie\u017cyczka na sygnaturk\u0119. Polichromia wn\u0119trza \ufb01guralna i ornamentalna, neogotycka, malowana w 1908 r. przez artyst\u0119 tarnowskiego Stanis\u0142awa Gucw\u0119. O\u0142tarze z lat 1902-1904 neogotyckie, a w nich tyrolskie rze\u017aby. W o\u0142tarzu g\u0142\u00f3wnym grupa Ukrzy\u017cowania.<\/p>\n\n\n<div class=\"wp-block-image\">\n<figure class=\"aligncenter size-full\"><img decoding=\"async\" loading=\"lazy\" width=\"594\" height=\"891\" src=\"https:\/\/www.parafiaolszyny.pl\/wp-content\/uploads\/2023\/07\/IMG_5775-Enhanced-NR.jpg\" alt=\"\" class=\"wp-image-960\" srcset=\"https:\/\/www.parafiaolszyny.pl\/wp-content\/uploads\/2023\/07\/IMG_5775-Enhanced-NR.jpg 594w, https:\/\/www.parafiaolszyny.pl\/wp-content\/uploads\/2023\/07\/IMG_5775-Enhanced-NR-200x300.jpg 200w\" sizes=\"(max-width: 594px) 100vw, 594px\" \/><\/figure><\/div>\n\n\n<p>Chrzcielnica neogotycka wykonana w 1910 r. przez olszy\u0144skiego kamieniarza J\u00f3zefa B\u0105ka. <\/p>\n\n\n\n<figure class=\"wp-block-image size-large\"><img decoding=\"async\" loading=\"lazy\" width=\"1024\" height=\"708\" src=\"https:\/\/www.parafiaolszyny.pl\/wp-content\/uploads\/2023\/07\/IMG_5756-Enhanced-NR-1024x708.jpg\" alt=\"\" class=\"wp-image-961\" srcset=\"https:\/\/www.parafiaolszyny.pl\/wp-content\/uploads\/2023\/07\/IMG_5756-Enhanced-NR-1024x708.jpg 1024w, https:\/\/www.parafiaolszyny.pl\/wp-content\/uploads\/2023\/07\/IMG_5756-Enhanced-NR-300x208.jpg 300w, https:\/\/www.parafiaolszyny.pl\/wp-content\/uploads\/2023\/07\/IMG_5756-Enhanced-NR-768x531.jpg 768w, https:\/\/www.parafiaolszyny.pl\/wp-content\/uploads\/2023\/07\/IMG_5756-Enhanced-NR.jpg 1262w\" sizes=\"(max-width: 1024px) 100vw, 1024px\" \/><\/figure>\n\n\n\n<figure class=\"wp-block-gallery has-nested-images columns-default is-cropped wp-block-gallery-1 is-layout-flex\">\n<figure class=\"wp-block-image size-large\"><img decoding=\"async\" loading=\"lazy\" width=\"1024\" height=\"682\" data-id=\"965\"  src=\"https:\/\/www.parafiaolszyny.pl\/wp-content\/uploads\/2023\/07\/IMG_5717-Enhanced-NR-1024x682.jpg\" alt=\"\" class=\"wp-image-965\" srcset=\"https:\/\/www.parafiaolszyny.pl\/wp-content\/uploads\/2023\/07\/IMG_5717-Enhanced-NR-1024x682.jpg 1024w, https:\/\/www.parafiaolszyny.pl\/wp-content\/uploads\/2023\/07\/IMG_5717-Enhanced-NR-300x200.jpg 300w, https:\/\/www.parafiaolszyny.pl\/wp-content\/uploads\/2023\/07\/IMG_5717-Enhanced-NR-768x512.jpg 768w, https:\/\/www.parafiaolszyny.pl\/wp-content\/uploads\/2023\/07\/IMG_5717-Enhanced-NR-589x392.jpg 589w, https:\/\/www.parafiaolszyny.pl\/wp-content\/uploads\/2023\/07\/IMG_5717-Enhanced-NR.jpg 1337w\" sizes=\"(max-width: 1024px) 100vw, 1024px\" \/><\/figure>\n\n\n\n<figure class=\"wp-block-image size-large\"><img decoding=\"async\" loading=\"lazy\" width=\"1024\" height=\"682\" data-id=\"966\"  src=\"https:\/\/www.parafiaolszyny.pl\/wp-content\/uploads\/2023\/07\/IMG_5727-Enhanced-NR-1024x682.jpg\" alt=\"\" class=\"wp-image-966\" srcset=\"https:\/\/www.parafiaolszyny.pl\/wp-content\/uploads\/2023\/07\/IMG_5727-Enhanced-NR-1024x682.jpg 1024w, https:\/\/www.parafiaolszyny.pl\/wp-content\/uploads\/2023\/07\/IMG_5727-Enhanced-NR-300x200.jpg 300w, https:\/\/www.parafiaolszyny.pl\/wp-content\/uploads\/2023\/07\/IMG_5727-Enhanced-NR-768x512.jpg 768w, https:\/\/www.parafiaolszyny.pl\/wp-content\/uploads\/2023\/07\/IMG_5727-Enhanced-NR-589x392.jpg 589w, https:\/\/www.parafiaolszyny.pl\/wp-content\/uploads\/2023\/07\/IMG_5727-Enhanced-NR.jpg 1337w\" sizes=\"(max-width: 1024px) 100vw, 1024px\" \/><\/figure>\n\n\n\n<figure class=\"wp-block-image size-large\"><img decoding=\"async\" loading=\"lazy\" width=\"1024\" height=\"682\" data-id=\"967\"  src=\"https:\/\/www.parafiaolszyny.pl\/wp-content\/uploads\/2023\/07\/IMG_5776-Enhanced-NR-1-1024x682.jpg\" alt=\"\" class=\"wp-image-967\" srcset=\"https:\/\/www.parafiaolszyny.pl\/wp-content\/uploads\/2023\/07\/IMG_5776-Enhanced-NR-1-1024x682.jpg 1024w, https:\/\/www.parafiaolszyny.pl\/wp-content\/uploads\/2023\/07\/IMG_5776-Enhanced-NR-1-300x200.jpg 300w, https:\/\/www.parafiaolszyny.pl\/wp-content\/uploads\/2023\/07\/IMG_5776-Enhanced-NR-1-768x512.jpg 768w, https:\/\/www.parafiaolszyny.pl\/wp-content\/uploads\/2023\/07\/IMG_5776-Enhanced-NR-1-589x392.jpg 589w, https:\/\/www.parafiaolszyny.pl\/wp-content\/uploads\/2023\/07\/IMG_5776-Enhanced-NR-1.jpg 1337w\" sizes=\"(max-width: 1024px) 100vw, 1024px\" \/><\/figure>\n<\/figure>\n\n\n\n<p>Z dawnego ko\u015bcio\u0142a zosta\u0142 przeniesiony obraz \u201eUpadek pod krzy\u017cem\u201d, kt\u00f3ry niegdy\u015b znajdowa\u0142 si\u0119 w o\u0142tarzu g\u0142\u00f3wnym i by\u0142 czczony jako s\u0142yn\u0105cy z \u0142ask. Obecnie znajduje si\u0119 w bocznej nawie na jednej ze \u015bcian. Jego tematem jest upadek Chrystusa prowadzonego na Golgot\u0119. Centraln\u0105 postaci\u0105 wieloosobowej sceny jest Chrystus, kt\u00f3remu usi\u0142uje pom\u00f3c Cyrenejczyk &#8211; po jego lewej stronie widzimy Matk\u0119 Bo\u017c\u0105, trzy Marie, \u015bw. Jana, a tak\u017ce oprawc\u00f3w, \u017co\u0142nierza i lud rzymski. Widoczna jest brama Jerozolimy i krajobraz z widokiem na Golgot\u0119. W dolnej cz\u0119\u015bci obrazu postacie donator\u00f3w wraz ze znakami rodowymi. Przedstawiony jest Stanis\u0142aw Boner (zm. 1560) w\u00f3jt bieck\u00ed, jego \u017cona oraz czw\u00f3rka dzieci.<\/p>\n\n\n\n<figure class=\"wp-block-gallery has-nested-images columns-default is-cropped wp-block-gallery-3 is-layout-flex\">\n<figure class=\"wp-block-image size-large\"><img decoding=\"async\" loading=\"lazy\" width=\"980\" height=\"891\" data-id=\"962\"  src=\"https:\/\/www.parafiaolszyny.pl\/wp-content\/uploads\/2023\/07\/IMG_5767-Enhanced-NR.jpg\" alt=\"\" class=\"wp-image-962\" srcset=\"https:\/\/www.parafiaolszyny.pl\/wp-content\/uploads\/2023\/07\/IMG_5767-Enhanced-NR.jpg 980w, https:\/\/www.parafiaolszyny.pl\/wp-content\/uploads\/2023\/07\/IMG_5767-Enhanced-NR-300x273.jpg 300w, https:\/\/www.parafiaolszyny.pl\/wp-content\/uploads\/2023\/07\/IMG_5767-Enhanced-NR-768x698.jpg 768w\" sizes=\"(max-width: 980px) 100vw, 980px\" \/><\/figure>\n\n\n\n<figure class=\"wp-block-image size-large\"><img decoding=\"async\" loading=\"lazy\" width=\"594\" height=\"891\" data-id=\"963\"  src=\"https:\/\/www.parafiaolszyny.pl\/wp-content\/uploads\/2023\/07\/IMG_5770-Enhanced-NR.jpg\" alt=\"\" class=\"wp-image-963\" srcset=\"https:\/\/www.parafiaolszyny.pl\/wp-content\/uploads\/2023\/07\/IMG_5770-Enhanced-NR.jpg 594w, https:\/\/www.parafiaolszyny.pl\/wp-content\/uploads\/2023\/07\/IMG_5770-Enhanced-NR-200x300.jpg 200w\" sizes=\"(max-width: 594px) 100vw, 594px\" \/><\/figure>\n<\/figure>\n\n\n\n<p>Obraz pochodzi z XVI w. Nie wiadomo dla kt\u00f3rego ko\u015bcio\u0142a by\u0142 przeznaczony i w jakich okoliczno\u015bciach znalaz\u0142 si\u0119 w Olszynach. Na placu ko\u015bcielnym stoi dzwonnica neogotycka w kszta\u0142cie arkad. Zbudowa\u0142 j\u0105 w 1908 r. J\u00f3zef B\u0105k.<\/p>\n\n\n\n<figure class=\"wp-block-image size-large\"><img decoding=\"async\" loading=\"lazy\" width=\"1024\" height=\"717\" src=\"https:\/\/www.parafiaolszyny.pl\/wp-content\/uploads\/2023\/07\/IMG_5779-1024x717.jpg\" alt=\"\" class=\"wp-image-964\" srcset=\"https:\/\/www.parafiaolszyny.pl\/wp-content\/uploads\/2023\/07\/IMG_5779-1024x717.jpg 1024w, https:\/\/www.parafiaolszyny.pl\/wp-content\/uploads\/2023\/07\/IMG_5779-300x210.jpg 300w, https:\/\/www.parafiaolszyny.pl\/wp-content\/uploads\/2023\/07\/IMG_5779-768x538.jpg 768w, https:\/\/www.parafiaolszyny.pl\/wp-content\/uploads\/2023\/07\/IMG_5779.jpg 1178w\" sizes=\"(max-width: 1024px) 100vw, 1024px\" \/><\/figure>\n\n\n\n<p>Na dziedzi\u0144cu zbudowana zosta\u0142a kaplica &#8211; grota z pos\u0105giem Matki Bo\u017cej Fatimskiej. Obok ko\u015bcio\u0142a sta\u0142 zbudowany w po\u0142owie XIX W. dw\u00f3r, kt\u00f3ry od pocz\u0105tku XX w. spe\u0142nia\u0142 funkcj\u0119 plebanii &#8211; budynek murowany, parterowy, cz\u0119\u015bciowo podpiwniczony na planie prostok\u0105ta, kryty blach\u0105. Klasycystyczny. W latach dziewi\u0119\u0107dziesi\u0105tych zbudowano now\u0105 plebani\u0119. Po drugiej stronie drogi Rzepiennik Suchy &#8211; Olszyny znajduje si\u0119 cmentarz para\ufb01alny za\u0142o\u017cony po utworzeniu parafii w 1910 r. Kaplic\u0119 cmentarn\u0105 ufundowa\u0142 J\u00f3zef B\u0105k (1918 &#8211; 1993).<\/p>\n\n\n\n<p class=\"has-text-align-right\"><strong>Czes\u0142aw Dutka <\/strong><br><strong>fot. Renata Gogola<\/strong><\/p>\n\n\n\n<figure class=\"wp-block-gallery has-nested-images columns-default is-cropped wp-block-gallery-5 is-layout-flex\">\n<figure class=\"wp-block-image size-large\"><img decoding=\"async\" loading=\"lazy\" width=\"1024\" height=\"768\" data-id=\"514\"  src=\"https:\/\/www.parafiaolszyny.pl\/wp-content\/uploads\/2023\/07\/5-1024x768.jpg\" alt=\"\" class=\"wp-image-514\" srcset=\"https:\/\/www.parafiaolszyny.pl\/wp-content\/uploads\/2023\/07\/5-1024x768.jpg 1024w, https:\/\/www.parafiaolszyny.pl\/wp-content\/uploads\/2023\/07\/5-300x225.jpg 300w, https:\/\/www.parafiaolszyny.pl\/wp-content\/uploads\/2023\/07\/5-768x576.jpg 768w, https:\/\/www.parafiaolszyny.pl\/wp-content\/uploads\/2023\/07\/5-1536x1151.jpg 1536w, https:\/\/www.parafiaolszyny.pl\/wp-content\/uploads\/2023\/07\/5.jpg 1725w\" sizes=\"(max-width: 1024px) 100vw, 1024px\" \/><\/figure>\n\n\n\n<figure class=\"wp-block-image size-large\"><img decoding=\"async\" loading=\"lazy\" width=\"1024\" height=\"768\" data-id=\"512\"  src=\"https:\/\/www.parafiaolszyny.pl\/wp-content\/uploads\/2023\/07\/4-1024x768.jpg\" alt=\"\" class=\"wp-image-512\" srcset=\"https:\/\/www.parafiaolszyny.pl\/wp-content\/uploads\/2023\/07\/4-1024x768.jpg 1024w, https:\/\/www.parafiaolszyny.pl\/wp-content\/uploads\/2023\/07\/4-300x225.jpg 300w, https:\/\/www.parafiaolszyny.pl\/wp-content\/uploads\/2023\/07\/4-768x576.jpg 768w, https:\/\/www.parafiaolszyny.pl\/wp-content\/uploads\/2023\/07\/4-1536x1151.jpg 1536w, https:\/\/www.parafiaolszyny.pl\/wp-content\/uploads\/2023\/07\/4.jpg 1725w\" sizes=\"(max-width: 1024px) 100vw, 1024px\" \/><\/figure>\n\n\n\n<figure class=\"wp-block-image size-large\"><img decoding=\"async\" loading=\"lazy\" width=\"1024\" height=\"768\" data-id=\"510\"  src=\"https:\/\/www.parafiaolszyny.pl\/wp-content\/uploads\/2023\/07\/3-1024x768.jpg\" alt=\"\" class=\"wp-image-510\" srcset=\"https:\/\/www.parafiaolszyny.pl\/wp-content\/uploads\/2023\/07\/3-1024x768.jpg 1024w, https:\/\/www.parafiaolszyny.pl\/wp-content\/uploads\/2023\/07\/3-300x225.jpg 300w, https:\/\/www.parafiaolszyny.pl\/wp-content\/uploads\/2023\/07\/3-768x576.jpg 768w, https:\/\/www.parafiaolszyny.pl\/wp-content\/uploads\/2023\/07\/3-1536x1151.jpg 1536w, https:\/\/www.parafiaolszyny.pl\/wp-content\/uploads\/2023\/07\/3.jpg 1725w\" sizes=\"(max-width: 1024px) 100vw, 1024px\" \/><\/figure>\n\n\n\n<figure class=\"wp-block-image size-large\"><img decoding=\"async\" loading=\"lazy\" width=\"1024\" height=\"768\" data-id=\"509\"  src=\"https:\/\/www.parafiaolszyny.pl\/wp-content\/uploads\/2023\/07\/2-1024x768.jpg\" alt=\"\" class=\"wp-image-509\" srcset=\"https:\/\/www.parafiaolszyny.pl\/wp-content\/uploads\/2023\/07\/2-1024x768.jpg 1024w, https:\/\/www.parafiaolszyny.pl\/wp-content\/uploads\/2023\/07\/2-300x225.jpg 300w, https:\/\/www.parafiaolszyny.pl\/wp-content\/uploads\/2023\/07\/2-768x576.jpg 768w, https:\/\/www.parafiaolszyny.pl\/wp-content\/uploads\/2023\/07\/2-1536x1151.jpg 1536w, https:\/\/www.parafiaolszyny.pl\/wp-content\/uploads\/2023\/07\/2.jpg 1725w\" sizes=\"(max-width: 1024px) 100vw, 1024px\" \/><\/figure>\n\n\n\n<figure class=\"wp-block-image size-large\"><img decoding=\"async\" loading=\"lazy\" width=\"1024\" height=\"844\" data-id=\"507\"  src=\"https:\/\/www.parafiaolszyny.pl\/wp-content\/uploads\/2023\/07\/1-1024x844.jpg\" alt=\"\" class=\"wp-image-507\" srcset=\"https:\/\/www.parafiaolszyny.pl\/wp-content\/uploads\/2023\/07\/1-1024x844.jpg 1024w, https:\/\/www.parafiaolszyny.pl\/wp-content\/uploads\/2023\/07\/1-300x247.jpg 300w, https:\/\/www.parafiaolszyny.pl\/wp-content\/uploads\/2023\/07\/1-768x633.jpg 768w, https:\/\/www.parafiaolszyny.pl\/wp-content\/uploads\/2023\/07\/1-1536x1266.jpg 1536w, https:\/\/www.parafiaolszyny.pl\/wp-content\/uploads\/2023\/07\/1.jpg 2016w\" sizes=\"(max-width: 1024px) 100vw, 1024px\" \/><\/figure>\n<\/figure>\n","protected":false},"excerpt":{"rendered":"<p>Ko\u015bci\u00f3\u0142 p.w. Podwy\u017cszenia \u015bw. Krzy\u017ca &nbsp;Ko\u015bci\u00f3\u0142 zosta\u0142 zbudowany w 1900 r. wg projektu \u0141ukasza Filipaka z wykorzystaniem [&hellip;]<\/p>\n","protected":false},"author":1,"featured_media":0,"parent":0,"menu_order":0,"comment_status":"closed","ping_status":"closed","template":"","meta":{"ngg_post_thumbnail":0},"_links":{"self":[{"href":"https:\/\/www.parafiaolszyny.pl\/index.php?rest_route=\/wp\/v2\/pages\/47"}],"collection":[{"href":"https:\/\/www.parafiaolszyny.pl\/index.php?rest_route=\/wp\/v2\/pages"}],"about":[{"href":"https:\/\/www.parafiaolszyny.pl\/index.php?rest_route=\/wp\/v2\/types\/page"}],"author":[{"embeddable":true,"href":"https:\/\/www.parafiaolszyny.pl\/index.php?rest_route=\/wp\/v2\/users\/1"}],"replies":[{"embeddable":true,"href":"https:\/\/www.parafiaolszyny.pl\/index.php?rest_route=%2Fwp%2Fv2%2Fcomments&post=47"}],"version-history":[{"count":8,"href":"https:\/\/www.parafiaolszyny.pl\/index.php?rest_route=\/wp\/v2\/pages\/47\/revisions"}],"predecessor-version":[{"id":973,"href":"https:\/\/www.parafiaolszyny.pl\/index.php?rest_route=\/wp\/v2\/pages\/47\/revisions\/973"}],"wp:attachment":[{"href":"https:\/\/www.parafiaolszyny.pl\/index.php?rest_route=%2Fwp%2Fv2%2Fmedia&parent=47"}],"curies":[{"name":"wp","href":"https:\/\/api.w.org\/{rel}","templated":true}]}}