{"id":54,"date":"2023-06-30T12:08:28","date_gmt":"2023-06-30T12:08:28","guid":{"rendered":"https:\/\/www.parafiaolszyny.pl\/?page_id=54"},"modified":"2023-07-05T19:15:32","modified_gmt":"2023-07-05T19:15:32","slug":"kontakt","status":"publish","type":"page","link":"https:\/\/www.parafiaolszyny.pl\/?page_id=54","title":{"rendered":"Kontakt"},"content":{"rendered":"\n<p>33-164 Olszyny k. Jas\u0142a, Olszyny 288<\/p>\n\n\n\n<p><strong>Telefon:&nbsp;<\/strong>14-653-26-46<\/p>\n\n\n\n<p><strong>E-mail:&nbsp;<\/strong>olszyny1@diecezja.tarnow.pl<\/p>\n\n\n\n<p><strong>Dekanat:&nbsp;<\/strong>O\u0142piny<\/p>\n\n\n\n<p><strong>Wojew\u00f3dztwo:\u00a0<\/strong>ma\u0142opolskie<\/p>\n\n\n\n<figure class=\"wp-block-image size-large\"><img decoding=\"async\" loading=\"lazy\" width=\"1024\" height=\"682\" src=\"https:\/\/www.parafiaolszyny.pl\/wp-content\/uploads\/2023\/07\/111-1024x682.jpg\" alt=\"\" class=\"wp-image-971\" srcset=\"https:\/\/www.parafiaolszyny.pl\/wp-content\/uploads\/2023\/07\/111-1024x682.jpg 1024w, https:\/\/www.parafiaolszyny.pl\/wp-content\/uploads\/2023\/07\/111-300x200.jpg 300w, https:\/\/www.parafiaolszyny.pl\/wp-content\/uploads\/2023\/07\/111-768x512.jpg 768w, https:\/\/www.parafiaolszyny.pl\/wp-content\/uploads\/2023\/07\/111-589x392.jpg 589w, https:\/\/www.parafiaolszyny.pl\/wp-content\/uploads\/2023\/07\/111.jpg 1337w\" sizes=\"(max-width: 1024px) 100vw, 1024px\" \/><\/figure>\n\n\n\n<figure class=\"wp-block-image size-large\"><img decoding=\"async\" loading=\"lazy\" width=\"1024\" height=\"844\" src=\"https:\/\/www.parafiaolszyny.pl\/wp-content\/uploads\/2023\/07\/1-1-1024x844.jpg\" alt=\"\" class=\"wp-image-928\" srcset=\"https:\/\/www.parafiaolszyny.pl\/wp-content\/uploads\/2023\/07\/1-1-1024x844.jpg 1024w, https:\/\/www.parafiaolszyny.pl\/wp-content\/uploads\/2023\/07\/1-1-300x247.jpg 300w, https:\/\/www.parafiaolszyny.pl\/wp-content\/uploads\/2023\/07\/1-1-768x633.jpg 768w, https:\/\/www.parafiaolszyny.pl\/wp-content\/uploads\/2023\/07\/1-1-1536x1266.jpg 1536w, https:\/\/www.parafiaolszyny.pl\/wp-content\/uploads\/2023\/07\/1-1.jpg 2016w\" sizes=\"(max-width: 1024px) 100vw, 1024px\" \/><\/figure>\n","protected":false},"excerpt":{"rendered":"<p>33-164 Olszyny k. Jas\u0142a, Olszyny 288 Telefon:&nbsp;14-653-26-46 E-mail:&nbsp;olszyny1@diecezja.tarnow.pl Dekanat:&nbsp;O\u0142piny Wojew\u00f3dztwo:\u00a0ma\u0142opolskie<\/p>\n","protected":false},"author":1,"featured_media":0,"parent":0,"menu_order":0,"comment_status":"closed","ping_status":"closed","template":"","meta":{"ngg_post_thumbnail":0},"_links":{"self":[{"href":"https:\/\/www.parafiaolszyny.pl\/index.php?rest_route=\/wp\/v2\/pages\/54"}],"collection":[{"href":"https:\/\/www.parafiaolszyny.pl\/index.php?rest_route=\/wp\/v2\/pages"}],"about":[{"href":"https:\/\/www.parafiaolszyny.pl\/index.php?rest_route=\/wp\/v2\/types\/page"}],"author":[{"embeddable":true,"href":"https:\/\/www.parafiaolszyny.pl\/index.php?rest_route=\/wp\/v2\/users\/1"}],"replies":[{"embeddable":true,"href":"https:\/\/www.parafiaolszyny.pl\/index.php?rest_route=%2Fwp%2Fv2%2Fcomments&post=54"}],"version-history":[{"count":5,"href":"https:\/\/www.parafiaolszyny.pl\/index.php?rest_route=\/wp\/v2\/pages\/54\/revisions"}],"predecessor-version":[{"id":972,"href":"https:\/\/www.parafiaolszyny.pl\/index.php?rest_route=\/wp\/v2\/pages\/54\/revisions\/972"}],"wp:attachment":[{"href":"https:\/\/www.parafiaolszyny.pl\/index.php?rest_route=%2Fwp%2Fv2%2Fmedia&parent=54"}],"curies":[{"name":"wp","href":"https:\/\/api.w.org\/{rel}","templated":true}]}}