{"id":979,"date":"2023-07-09T19:11:15","date_gmt":"2023-07-09T19:11:15","guid":{"rendered":"https:\/\/www.parafiaolszyny.pl\/?page_id=979"},"modified":"2023-07-24T19:39:25","modified_gmt":"2023-07-24T19:39:25","slug":"olszyny-rys-historyczny","status":"publish","type":"page","link":"https:\/\/www.parafiaolszyny.pl\/?page_id=979","title":{"rendered":"Olszyny &#8211; rys historyczny"},"content":{"rendered":"\n<figure class=\"wp-block-image size-large\"><img decoding=\"async\" loading=\"lazy\" width=\"1024\" height=\"579\" src=\"https:\/\/www.parafiaolszyny.pl\/wp-content\/uploads\/2023\/07\/olszyny7-1024x579.jpg\" alt=\"\" class=\"wp-image-980\" srcset=\"https:\/\/www.parafiaolszyny.pl\/wp-content\/uploads\/2023\/07\/olszyny7-1024x579.jpg 1024w, https:\/\/www.parafiaolszyny.pl\/wp-content\/uploads\/2023\/07\/olszyny7-300x170.jpg 300w, https:\/\/www.parafiaolszyny.pl\/wp-content\/uploads\/2023\/07\/olszyny7-768x434.jpg 768w, https:\/\/www.parafiaolszyny.pl\/wp-content\/uploads\/2023\/07\/olszyny7.jpg 1037w\" sizes=\"(max-width: 1024px) 100vw, 1024px\" \/><\/figure>\n\n\n\n<p>Rozleg\u0142a wie\u015b le\u017c\u0105ca w dolinie rzeki Olszynki (350 m npm.). Na p\u00f3\u0142noc od wioski le\u017cy g\u0142\u00f3wne pasmo Pog\u00f3rza Ci\u0119\u017ckowickiego ze szczytami Ostry Kamie\u0144, Pasia (530 m), Jura (444 m) i Brzanka (536 m). Wie\u015b podzielona jest na kilka przysi\u00f3\u0142k\u00f3w: Granice, Lipie, Mo\u015bciska, Nadole, Nag\u00f3rze, P\u0119kale, Potoki, Przylaski, Rat\u00f3wki, Serwoniec i Wyr\u0119by.<\/p>\n\n\n\n<p>Obiekty \ufb01zjogra\ufb01czne: Jura (r\u00f3wnina), Dzia\u0142 (g\u00f3ra), \u0141osie (las), Na Ksi\u0119\u017cym (las), Olszynka (rzeka), Przyg\u00f3rze (las), Ropot\u00f3wka (las), Zagumnie (pola, droga), Paryja (potok).<\/p>\n\n\n\n<p>Wie\u015b powsta\u0142a W po\u0142owie XIV w. Pierwsza wzmianka z 1386 r. W 1391 r. kr\u00f3lowa Jadwiga potwierdza Spytkowi z Melsztyna w\u0142asno\u015b\u0107 Olszyn i kilku s\u0105siednich wsi. W XVI w. by\u0142a w\u0142asno\u015bci\u0105 Melszty\u0144skich, nast\u0119pnie Jordan\u00f3w i Tar\u0142\u00f3w. Z XVI-wiecznego opisu Olszyn wynika, \u017ce by\u0142y w tenucie Zawichojskich. Odnotowano w\u00f3wczas 12 \u0142an\u00f3w kmiecych, 4 zagrodnik\u00f3w z rol\u0105, 2 komornik\u00f3w z byd\u0142em, 3 komornik\u00f3w bez byd\u0142a. Ostatnimi w\u0142a\u015bcicielami Olszyn byli Rogawscy.<\/p>\n\n\n\n<p>Informacja o ko\u015bciele pochodzi z 1590 r. (Schematyzm). W 1787 r. utworzono przy ko\u015bciele samodzieln\u0105 kapelani\u0119, kt\u00f3r\u0105 z biegiem czasu przy\u0142\u0105czono do para\ufb01i o\u0142pi\u0144skiej. W 1898 r. biskup przemyski utworzy\u0142 w Olszynach niezale\u017cn\u0105 ekspozytur\u0119 (ekspozyt: ks. Wiktor Bar), a w 1910 r. erygowa\u0142 parafi\u0119.<\/p>\n\n\n\n<p>W XVIII i XIX w. Olszyny s\u0142yn\u0119\u0142y z wyrobu p\u0142\u00f3cien. Na pocz\u0105tku XX w. dzia\u0142ali tu kamieniarze: J\u00f3zef B\u0105k i Jan Kara\u015b. Dzie\u0142em J. B\u0105ka jest m.in. dzwonnica murowana. W 1846 r. wie\u015b by\u0142a widowni\u0105 krwawych wydarze\u0144 zwanych ,,rabacj\u0105\u201d. W okresie mi\u0119dzywojennym by\u0142 silnie rozwini\u0119ty ruch ludowy. W czasie okupacji dzia\u0142a\u0142y AKi BCh. Po wojnie zbudowano szko\u0142\u0119, dom gromadzki, plebani\u0119, remiz\u0119 stra\u017cack\u0105. We wsi znajduje si\u0119 kilka d\u0119b\u00f3w &#8211; pomnik\u00f3w przyrody.<\/p>\n\n\n\n<p class=\"has-text-align-right\"><strong>Czes\u0142aw Dutka<\/strong><\/p>\n","protected":false},"excerpt":{"rendered":"<p>Rozleg\u0142a wie\u015b le\u017c\u0105ca w dolinie rzeki Olszynki (350 m npm.). Na p\u00f3\u0142noc od wioski le\u017cy g\u0142\u00f3wne pasmo [&hellip;]<\/p>\n","protected":false},"author":1,"featured_media":0,"parent":0,"menu_order":0,"comment_status":"closed","ping_status":"closed","template":"","meta":{"ngg_post_thumbnail":0},"_links":{"self":[{"href":"https:\/\/www.parafiaolszyny.pl\/index.php?rest_route=\/wp\/v2\/pages\/979"}],"collection":[{"href":"https:\/\/www.parafiaolszyny.pl\/index.php?rest_route=\/wp\/v2\/pages"}],"about":[{"href":"https:\/\/www.parafiaolszyny.pl\/index.php?rest_route=\/wp\/v2\/types\/page"}],"author":[{"embeddable":true,"href":"https:\/\/www.parafiaolszyny.pl\/index.php?rest_route=\/wp\/v2\/users\/1"}],"replies":[{"embeddable":true,"href":"https:\/\/www.parafiaolszyny.pl\/index.php?rest_route=%2Fwp%2Fv2%2Fcomments&post=979"}],"version-history":[{"count":1,"href":"https:\/\/www.parafiaolszyny.pl\/index.php?rest_route=\/wp\/v2\/pages\/979\/revisions"}],"predecessor-version":[{"id":981,"href":"https:\/\/www.parafiaolszyny.pl\/index.php?rest_route=\/wp\/v2\/pages\/979\/revisions\/981"}],"wp:attachment":[{"href":"https:\/\/www.parafiaolszyny.pl\/index.php?rest_route=%2Fwp%2Fv2%2Fmedia&parent=979"}],"curies":[{"name":"wp","href":"https:\/\/api.w.org\/{rel}","templated":true}]}}