{"id":983,"date":"2023-07-09T19:24:11","date_gmt":"2023-07-09T19:24:11","guid":{"rendered":"https:\/\/www.parafiaolszyny.pl\/?page_id=983"},"modified":"2023-07-24T19:38:38","modified_gmt":"2023-07-24T19:38:38","slug":"cmentarz-wojenny-nr-113","status":"publish","type":"page","link":"https:\/\/www.parafiaolszyny.pl\/?page_id=983","title":{"rendered":"Cmentarz wojenny nr 113"},"content":{"rendered":"\n<figure class=\"wp-block-image size-full\"><img decoding=\"async\" loading=\"lazy\" width=\"889\" height=\"667\" src=\"https:\/\/www.parafiaolszyny.pl\/wp-content\/uploads\/2023\/07\/Obraz-014.jpg\" alt=\"\" class=\"wp-image-986\" srcset=\"https:\/\/www.parafiaolszyny.pl\/wp-content\/uploads\/2023\/07\/Obraz-014.jpg 889w, https:\/\/www.parafiaolszyny.pl\/wp-content\/uploads\/2023\/07\/Obraz-014-300x225.jpg 300w, https:\/\/www.parafiaolszyny.pl\/wp-content\/uploads\/2023\/07\/Obraz-014-768x576.jpg 768w\" sizes=\"(max-width: 889px) 100vw, 889px\" \/><\/figure>\n\n\n\n<p>Powsta\u0142 obok cmentarza para\ufb01alnego. Za\u0142o\u017cony na planie prostok\u0105ta z poprzeczn\u0105 osi\u0105 symetrii. Jego powierzchnia wynosi 952 m2. Ogrodzenie stanowi\u0105 kamienne s\u0142upy po\u0142\u0105czone p\u0142otem z \u017celaznych pr\u0119t\u00f3w. Wej\u015bcie od drogi uj\u0119te w dwa kamienne s\u0142upy, prowadzi do bramy wej\u015bciowej w formie p\u00f3\u0142koli\u015bcie sklepionej arkady. Stanowi ona centralny element cmentarza. Drugie wej\u015bcie od strony cmentarza para\ufb01alnego.<\/p>\n\n\n\n<figure class=\"wp-block-image size-full\"><img decoding=\"async\" loading=\"lazy\" width=\"889\" height=\"667\" src=\"https:\/\/www.parafiaolszyny.pl\/wp-content\/uploads\/2023\/07\/Obraz-002.jpg\" alt=\"\" class=\"wp-image-987\" srcset=\"https:\/\/www.parafiaolszyny.pl\/wp-content\/uploads\/2023\/07\/Obraz-002.jpg 889w, https:\/\/www.parafiaolszyny.pl\/wp-content\/uploads\/2023\/07\/Obraz-002-300x225.jpg 300w, https:\/\/www.parafiaolszyny.pl\/wp-content\/uploads\/2023\/07\/Obraz-002-768x576.jpg 768w\" sizes=\"(max-width: 889px) 100vw, 889px\" \/><\/figure>\n\n\n\n<p>Mogi\u0142y ziemne ustawione w sze\u015bciu r\u00f3wnoleg\u0142ych rz\u0119dach o r\u00f3\u017cnej d\u0142ugo\u015bci. Na nich rozmieszczone nagrobki w formie niskich betonowych stelli z \u017celiwnym krzy\u017cem i tak\u0105\u017c tabliczk\u0105 inskrypcyjn\u0105. Na tabliczkach wiele nazwisk polskich. Na stellach trzy rodzaje krzy\u017cy \u017celiwnych: malta\u0144ski z wie\u0144cem laurowym i data \u201e1915\u201d, malta\u0144ski z wie\u0144cem d\u0119bowym, koron\u0105, liter\u0105 \u201eW\u201d i dat\u0105 &nbsp;\u201e1915\u201d, dwuramienny lotary\u0144ski z wie\u0144cem laurowym.<\/p>\n\n\n\n<figure class=\"wp-block-image size-full\"><img decoding=\"async\" loading=\"lazy\" width=\"889\" height=\"667\" src=\"https:\/\/www.parafiaolszyny.pl\/wp-content\/uploads\/2023\/07\/Obraz-003.jpg\" alt=\"\" class=\"wp-image-989\" srcset=\"https:\/\/www.parafiaolszyny.pl\/wp-content\/uploads\/2023\/07\/Obraz-003.jpg 889w, https:\/\/www.parafiaolszyny.pl\/wp-content\/uploads\/2023\/07\/Obraz-003-300x225.jpg 300w, https:\/\/www.parafiaolszyny.pl\/wp-content\/uploads\/2023\/07\/Obraz-003-768x576.jpg 768w\" sizes=\"(max-width: 889px) 100vw, 889px\" \/><\/figure>\n\n\n\n<p>Na cmentarzu spoczywa 179 \u017co\u0142nierzy: 90 niemieckich i 89 nierozpoznanych.<\/p>\n\n\n\n<p class=\"has-text-align-right\"><strong>Czes\u0142aw Dutka<\/strong><\/p>\n\n\n\nngg_shortcode_0_placeholder\n","protected":false},"excerpt":{"rendered":"<p>Powsta\u0142 obok cmentarza para\ufb01alnego. Za\u0142o\u017cony na planie prostok\u0105ta z poprzeczn\u0105 osi\u0105 symetrii. Jego powierzchnia wynosi 952 m2. [&hellip;]<\/p>\n","protected":false},"author":1,"featured_media":0,"parent":0,"menu_order":0,"comment_status":"closed","ping_status":"closed","template":"","meta":{"ngg_post_thumbnail":0},"_links":{"self":[{"href":"https:\/\/www.parafiaolszyny.pl\/index.php?rest_route=\/wp\/v2\/pages\/983"}],"collection":[{"href":"https:\/\/www.parafiaolszyny.pl\/index.php?rest_route=\/wp\/v2\/pages"}],"about":[{"href":"https:\/\/www.parafiaolszyny.pl\/index.php?rest_route=\/wp\/v2\/types\/page"}],"author":[{"embeddable":true,"href":"https:\/\/www.parafiaolszyny.pl\/index.php?rest_route=\/wp\/v2\/users\/1"}],"replies":[{"embeddable":true,"href":"https:\/\/www.parafiaolszyny.pl\/index.php?rest_route=%2Fwp%2Fv2%2Fcomments&post=983"}],"version-history":[{"count":3,"href":"https:\/\/www.parafiaolszyny.pl\/index.php?rest_route=\/wp\/v2\/pages\/983\/revisions"}],"predecessor-version":[{"id":1007,"href":"https:\/\/www.parafiaolszyny.pl\/index.php?rest_route=\/wp\/v2\/pages\/983\/revisions\/1007"}],"wp:attachment":[{"href":"https:\/\/www.parafiaolszyny.pl\/index.php?rest_route=%2Fwp%2Fv2%2Fmedia&parent=983"}],"curies":[{"name":"wp","href":"https:\/\/api.w.org\/{rel}","templated":true}]}}